{"id":8863,"date":"2025-10-28T12:53:10","date_gmt":"2025-10-28T17:53:10","guid":{"rendered":"https:\/\/armoniacasaspa.com\/?page_id=8863"},"modified":"2025-10-28T12:59:31","modified_gmt":"2025-10-28T17:59:31","slug":"aviso-de-privacidad-de-tratamiento-de-datos-personales","status":"publish","type":"page","link":"https:\/\/armoniacasaspa.com\/en\/aviso-de-privacidad-de-tratamiento-de-datos-personales\/","title":{"rendered":"Aviso de Privacidad de Tratamiento de Datos Personales"},"content":{"rendered":"<div data-elementor-type=\"wp-page\" data-elementor-id=\"8863\" class=\"elementor elementor-8863\" data-elementor-settings=\"{&quot;ha_cmc_init_switcher&quot;:&quot;no&quot;}\" data-elementor-post-type=\"page\">\n\t\t\t\t<div class=\"elementor-element elementor-element-3c4bcb7 e-flex e-con-boxed e-con e-parent\" data-id=\"3c4bcb7\" data-element_type=\"container\" data-e-type=\"container\" data-settings=\"{&quot;shape_divider_top&quot;:&quot;curve&quot;,&quot;shape_divider_bottom&quot;:&quot;curve&quot;,&quot;shape_divider_bottom_negative&quot;:&quot;yes&quot;,&quot;jet_parallax_layout_list&quot;:[],&quot;_ha_eqh_enable&quot;:false}\">\n\t\t\t\t\t<div class=\"e-con-inner\">\n\t\t\t\t<div class=\"elementor-shape elementor-shape-top\" aria-hidden=\"true\" data-negative=\"false\">\n\t\t\t<svg xmlns=\"http:\/\/www.w3.org\/2000\/svg\" viewbox=\"0 0 1000 100\" preserveaspectratio=\"none\">\n    <path class=\"elementor-shape-fill\" d=\"M1000,4.3V0H0v4.3C0.9,23.1,126.7,99.2,500,100S1000,22.7,1000,4.3z\"\/>\n<\/svg>\t\t<\/div>\n\t\t\t\t<div class=\"elementor-shape elementor-shape-bottom\" aria-hidden=\"true\" data-negative=\"true\">\n\t\t\t<svg xmlns=\"http:\/\/www.w3.org\/2000\/svg\" viewbox=\"0 0 1000 100\" preserveaspectratio=\"none\">\n\t<path class=\"elementor-shape-fill\" d=\"M500,97C126.7,96.3,0.8,19.8,0,0v100l1000,0V1C1000,19.4,873.3,97.8,500,97z\"\/>\n<\/svg>\t\t<\/div>\n\t\t\t\t<div class=\"elementor-element elementor-element-a1f800b elementor-widget elementor-widget-heading\" data-id=\"a1f800b\" data-element_type=\"widget\" data-e-type=\"widget\" data-widget_type=\"heading.default\">\n\t\t\t\t<div class=\"elementor-widget-container\">\n\t\t\t\t\t<h2 class=\"elementor-heading-title elementor-size-default\">Aviso de Privacidad de Tratamiento de Datos Personales<\/h2>\t\t\t\t<\/div>\n\t\t\t\t<\/div>\n\t\t\t\t<div class=\"elementor-element elementor-element-3a9dc07 elementor-widget elementor-widget-text-editor\" data-id=\"3a9dc07\" data-element_type=\"widget\" data-e-type=\"widget\" data-widget_type=\"text-editor.default\">\n\t\t\t\t<div class=\"elementor-widget-container\">\n\t\t\t\t\t\t\t\t\t<p>Nuestra prioridad es proteger la informaci\u00f3n que nos comparte. Por eso, es importante informarle que los Datos Personales que nos suministre por este canal se tratar\u00e1n conforme a la Ley 1581 de 2012 y las finalidades que <strong>INVERSIONES FLOR DE LOTO COLOMBIA SAS<\/strong> legalmente constituida, ha establecido como responsable del Tratamiento de los Datos Personales y que puede consultar en nuestro enlace <strong><span style=\"color: #59348d;\"><a style=\"color: #59348d;\" href=\"https:\/\/cosmeticospasarella.com\/politica-de-proteccion-de-datos-personales\/\" target=\"_blank\" rel=\"noopener\">Pol\u00edtica de Tratamiento de Datos Personales<\/a><\/span><\/strong>.<\/p>\t\t\t\t\t\t\t\t<\/div>\n\t\t\t\t<\/div>\n\t\t\t\t<div class=\"elementor-element elementor-element-2455af6 elementor-widget elementor-widget-text-editor\" data-id=\"2455af6\" data-element_type=\"widget\" data-e-type=\"widget\" data-widget_type=\"text-editor.default\">\n\t\t\t\t<div class=\"elementor-widget-container\">\n\t\t\t\t\t\t\t\t\t<p style=\"text-align: justify;\">Los datos personales, solicitados por este canal, se tratar\u00e1n conforme a las siguientes finalidades:<\/p><ul><li style=\"text-align: justify;\"><strong>Procesamiento de pedidos y pagos:<\/strong> Recopilaci\u00f3n y uso de datos personales para gestionar la compra de productos, procesar pagos, emitir facturas y coordinar env\u00edos.<\/li><li style=\"text-align: justify;\"><strong>Atenci\u00f3n al cliente y soporte t\u00e9cnico:<\/strong> Uso de datos de contacto para resolver dudas, gestionar reclamaciones y solicitudes, proporcionar asistencia t\u00e9cnica y garantizar una experiencia de usuario satisfactoria.<\/li><li style=\"text-align: justify;\"><strong>Env\u00edo de promociones y comunicaciones comerciales:<\/strong> Uso de datos para enviar informaci\u00f3n sobre descuentos, ofertas, lanzamientos de productos y novedades, siempre con la opci\u00f3n de darse de baja.<\/li><li style=\"text-align: justify;\"><strong>Publicidad personalizada:<\/strong> An\u00e1lisis del comportamiento del usuario en la tienda online para ofrecer recomendaciones y anuncios adaptados a sus intereses y preferencias.<\/li><li style=\"text-align: justify;\"><strong>Optimizaci\u00f3n de la navegaci\u00f3n:<\/strong> Recopilaci\u00f3n de datos mediante cookies y herramientas similares para mejorar la funcionalidad del sitio, agilizar la experiencia de compra y analizar estad\u00edsticas de uso.<\/li><\/ul>\t\t\t\t\t\t\t\t<\/div>\n\t\t\t\t<\/div>\n\t\t\t\t<div class=\"elementor-element elementor-element-23d9186 elementor-widget elementor-widget-text-editor\" data-id=\"23d9186\" data-element_type=\"widget\" data-e-type=\"widget\" data-widget_type=\"text-editor.default\">\n\t\t\t\t<div class=\"elementor-widget-container\">\n\t\t\t\t\t\t\t\t\t<p>Estos datos estar\u00e1n bajo medidas que garantizan la seguridad, confidencialidad e integridad. Usted, como titular de los datos, podr\u00e1 ejercer en cualquier momento sus derechos de conocer, actualizar, rectificar y revocar las autorizaciones otorgadas para las finalidades aplicables al desarrollo de las relaciones establecidas con el Responsable del Tratamiento, bajo comunicaci\u00f3n dirigida al Oficial de Protecci\u00f3n de Datos Personales a trav\u00e9s de los siguientes canales:<\/p>\t\t\t\t\t\t\t\t<\/div>\n\t\t\t\t<\/div>\n\t\t\t\t<div class=\"elementor-element elementor-element-36ed3b7 elementor-widget elementor-widget-text-editor\" data-id=\"36ed3b7\" data-element_type=\"widget\" data-e-type=\"widget\" data-widget_type=\"text-editor.default\">\n\t\t\t\t<div class=\"elementor-widget-container\">\n\t\t\t\t\t\t\t\t\t<ul><li>Correspondencia f\u00edsica a la direcci\u00f3n: Carrera 37A # 25-52, Bogot\u00e1<\/li><li>Comunicaci\u00f3n al correo electr\u00f3nico: protecciondedatos@lugonza.com<\/li><li>Comunicaci\u00f3n telef\u00f3nica: 3204882774 &#8211; 0612686887<\/li><\/ul>\t\t\t\t\t\t\t\t<\/div>\n\t\t\t\t<\/div>\n\t\t\t\t\t<\/div>\n\t\t\t\t<\/div>\n\t\t\t\t<\/div>","protected":false},"excerpt":{"rendered":"<p>Aviso de Privacidad de Tratamiento de Datos Personales Nuestra prioridad es proteger la informaci\u00f3n que nos comparte. Por eso, es importante informarle que los Datos Personales que nos suministre por este canal se tratar\u00e1n conforme a la Ley 1581 de 2012 y las finalidades que INVERSIONES FLOR DE LOTO COLOMBIA SAS legalmente constituida, ha establecido [&hellip;]<\/p>\n","protected":false},"author":2,"featured_media":0,"parent":0,"menu_order":0,"comment_status":"closed","ping_status":"closed","template":"elementor_header_footer","meta":{"_monsterinsights_skip_tracking":false,"_monsterinsights_sitenote_active":false,"_monsterinsights_sitenote_note":"","_monsterinsights_sitenote_category":0,"_joinchat":[],"footnotes":""},"class_list":["post-8863","page","type-page","status-publish","hentry"],"yoast_head":"<!-- This site is optimized with the Yoast SEO Premium plugin v27.0 (Yoast SEO v27.3) - https:\/\/yoast.com\/product\/yoast-seo-premium-wordpress\/ -->\n<title>Aviso de Privacidad de Tratamiento de Datos Personales - Armon\u00eda<\/title>\n<meta name=\"robots\" content=\"noindex, nofollow\" \/>\n<meta property=\"og:locale\" content=\"en_US\" \/>\n<meta property=\"og:type\" content=\"article\" \/>\n<meta property=\"og:title\" content=\"Aviso de Privacidad de Tratamiento de Datos Personales\" \/>\n<meta property=\"og:description\" content=\"Aviso de Privacidad de Tratamiento de Datos Personales Nuestra prioridad es proteger la informaci\u00f3n que nos comparte. Por eso, es importante informarle que los Datos Personales que nos suministre por este canal se tratar\u00e1n conforme a la Ley 1581 de 2012 y las finalidades que INVERSIONES FLOR DE LOTO COLOMBIA SAS legalmente constituida, ha establecido [&hellip;]\" \/>\n<meta property=\"og:url\" content=\"https:\/\/armoniacasaspa.com\/en\/aviso-de-privacidad-de-tratamiento-de-datos-personales\/\" \/>\n<meta property=\"og:site_name\" content=\"Armon\u00eda\" \/>\n<meta property=\"article:modified_time\" content=\"2025-10-28T17:59:31+00:00\" \/>\n<meta name=\"twitter:card\" content=\"summary_large_image\" \/>\n<meta name=\"twitter:label1\" content=\"Est. reading time\" \/>\n\t<meta name=\"twitter:data1\" content=\"2 minutes\" \/>\n<script type=\"application\/ld+json\" class=\"yoast-schema-graph\">{\"@context\":\"https:\\\/\\\/schema.org\",\"@graph\":[{\"@type\":\"WebPage\",\"@id\":\"https:\\\/\\\/armoniacasaspa.com\\\/aviso-de-privacidad-de-tratamiento-de-datos-personales\\\/\",\"url\":\"https:\\\/\\\/armoniacasaspa.com\\\/aviso-de-privacidad-de-tratamiento-de-datos-personales\\\/\",\"name\":\"Aviso de Privacidad de Tratamiento de Datos Personales - Armon\u00eda\",\"isPartOf\":{\"@id\":\"https:\\\/\\\/armoniacasaspa.com\\\/#website\"},\"datePublished\":\"2025-10-28T17:53:10+00:00\",\"dateModified\":\"2025-10-28T17:59:31+00:00\",\"breadcrumb\":{\"@id\":\"https:\\\/\\\/armoniacasaspa.com\\\/aviso-de-privacidad-de-tratamiento-de-datos-personales\\\/#breadcrumb\"},\"inLanguage\":\"en-US\",\"potentialAction\":[{\"@type\":\"ReadAction\",\"target\":[\"https:\\\/\\\/armoniacasaspa.com\\\/aviso-de-privacidad-de-tratamiento-de-datos-personales\\\/\"]}]},{\"@type\":\"BreadcrumbList\",\"@id\":\"https:\\\/\\\/armoniacasaspa.com\\\/aviso-de-privacidad-de-tratamiento-de-datos-personales\\\/#breadcrumb\",\"itemListElement\":[{\"@type\":\"ListItem\",\"position\":1,\"name\":\"Portada\",\"item\":\"https:\\\/\\\/armoniacasaspa.com\\\/\"},{\"@type\":\"ListItem\",\"position\":2,\"name\":\"Aviso de Privacidad de Tratamiento de Datos Personales\"}]},{\"@type\":\"WebSite\",\"@id\":\"https:\\\/\\\/armoniacasaspa.com\\\/#website\",\"url\":\"https:\\\/\\\/armoniacasaspa.com\\\/\",\"name\":\"Armon\u00eda\",\"description\":\"Casa - Spa\",\"publisher\":{\"@id\":\"https:\\\/\\\/armoniacasaspa.com\\\/#organization\"},\"potentialAction\":[{\"@type\":\"SearchAction\",\"target\":{\"@type\":\"EntryPoint\",\"urlTemplate\":\"https:\\\/\\\/armoniacasaspa.com\\\/?s={search_term_string}\"},\"query-input\":{\"@type\":\"PropertyValueSpecification\",\"valueRequired\":true,\"valueName\":\"search_term_string\"}}],\"inLanguage\":\"en-US\"},{\"@type\":\"Organization\",\"@id\":\"https:\\\/\\\/armoniacasaspa.com\\\/#organization\",\"name\":\"Armon\u00eda\",\"url\":\"https:\\\/\\\/armoniacasaspa.com\\\/\",\"logo\":{\"@type\":\"ImageObject\",\"inLanguage\":\"en-US\",\"@id\":\"https:\\\/\\\/armoniacasaspa.com\\\/#\\\/schema\\\/logo\\\/image\\\/\",\"url\":\"https:\\\/\\\/armoniacasaspa.com\\\/wp-content\\\/uploads\\\/2023\\\/02\\\/cropped-Logo-Armonia.png\",\"contentUrl\":\"https:\\\/\\\/armoniacasaspa.com\\\/wp-content\\\/uploads\\\/2023\\\/02\\\/cropped-Logo-Armonia.png\",\"width\":301,\"height\":225,\"caption\":\"Armon\u00eda\"},\"image\":{\"@id\":\"https:\\\/\\\/armoniacasaspa.com\\\/#\\\/schema\\\/logo\\\/image\\\/\"}}]}<\/script>\n<!-- \/ Yoast SEO Premium plugin. -->","yoast_head_json":{"title":"Aviso de Privacidad de Tratamiento de Datos Personales - Armon\u00eda","robots":{"index":"noindex","follow":"nofollow"},"og_locale":"en_US","og_type":"article","og_title":"Aviso de Privacidad de Tratamiento de Datos Personales","og_description":"Aviso de Privacidad de Tratamiento de Datos Personales Nuestra prioridad es proteger la informaci\u00f3n que nos comparte. Por eso, es importante informarle que los Datos Personales que nos suministre por este canal se tratar\u00e1n conforme a la Ley 1581 de 2012 y las finalidades que INVERSIONES FLOR DE LOTO COLOMBIA SAS legalmente constituida, ha establecido [&hellip;]","og_url":"https:\/\/armoniacasaspa.com\/en\/aviso-de-privacidad-de-tratamiento-de-datos-personales\/","og_site_name":"Armon\u00eda","article_modified_time":"2025-10-28T17:59:31+00:00","twitter_card":"summary_large_image","twitter_misc":{"Est. reading time":"2 minutes"},"schema":{"@context":"https:\/\/schema.org","@graph":[{"@type":"WebPage","@id":"https:\/\/armoniacasaspa.com\/aviso-de-privacidad-de-tratamiento-de-datos-personales\/","url":"https:\/\/armoniacasaspa.com\/aviso-de-privacidad-de-tratamiento-de-datos-personales\/","name":"Aviso de Privacidad de Tratamiento de Datos Personales - Armon\u00eda","isPartOf":{"@id":"https:\/\/armoniacasaspa.com\/#website"},"datePublished":"2025-10-28T17:53:10+00:00","dateModified":"2025-10-28T17:59:31+00:00","breadcrumb":{"@id":"https:\/\/armoniacasaspa.com\/aviso-de-privacidad-de-tratamiento-de-datos-personales\/#breadcrumb"},"inLanguage":"en-US","potentialAction":[{"@type":"ReadAction","target":["https:\/\/armoniacasaspa.com\/aviso-de-privacidad-de-tratamiento-de-datos-personales\/"]}]},{"@type":"BreadcrumbList","@id":"https:\/\/armoniacasaspa.com\/aviso-de-privacidad-de-tratamiento-de-datos-personales\/#breadcrumb","itemListElement":[{"@type":"ListItem","position":1,"name":"Portada","item":"https:\/\/armoniacasaspa.com\/"},{"@type":"ListItem","position":2,"name":"Aviso de Privacidad de Tratamiento de Datos Personales"}]},{"@type":"WebSite","@id":"https:\/\/armoniacasaspa.com\/#website","url":"https:\/\/armoniacasaspa.com\/","name":"Armon\u00eda","description":"Casa - Spa","publisher":{"@id":"https:\/\/armoniacasaspa.com\/#organization"},"potentialAction":[{"@type":"SearchAction","target":{"@type":"EntryPoint","urlTemplate":"https:\/\/armoniacasaspa.com\/?s={search_term_string}"},"query-input":{"@type":"PropertyValueSpecification","valueRequired":true,"valueName":"search_term_string"}}],"inLanguage":"en-US"},{"@type":"Organization","@id":"https:\/\/armoniacasaspa.com\/#organization","name":"Armon\u00eda","url":"https:\/\/armoniacasaspa.com\/","logo":{"@type":"ImageObject","inLanguage":"en-US","@id":"https:\/\/armoniacasaspa.com\/#\/schema\/logo\/image\/","url":"https:\/\/armoniacasaspa.com\/wp-content\/uploads\/2023\/02\/cropped-Logo-Armonia.png","contentUrl":"https:\/\/armoniacasaspa.com\/wp-content\/uploads\/2023\/02\/cropped-Logo-Armonia.png","width":301,"height":225,"caption":"Armon\u00eda"},"image":{"@id":"https:\/\/armoniacasaspa.com\/#\/schema\/logo\/image\/"}}]}},"_links":{"self":[{"href":"https:\/\/armoniacasaspa.com\/en\/wp-json\/wp\/v2\/pages\/8863","targetHints":{"allow":["GET"]}}],"collection":[{"href":"https:\/\/armoniacasaspa.com\/en\/wp-json\/wp\/v2\/pages"}],"about":[{"href":"https:\/\/armoniacasaspa.com\/en\/wp-json\/wp\/v2\/types\/page"}],"author":[{"embeddable":true,"href":"https:\/\/armoniacasaspa.com\/en\/wp-json\/wp\/v2\/users\/2"}],"replies":[{"embeddable":true,"href":"https:\/\/armoniacasaspa.com\/en\/wp-json\/wp\/v2\/comments?post=8863"}],"version-history":[{"count":10,"href":"https:\/\/armoniacasaspa.com\/en\/wp-json\/wp\/v2\/pages\/8863\/revisions"}],"predecessor-version":[{"id":8875,"href":"https:\/\/armoniacasaspa.com\/en\/wp-json\/wp\/v2\/pages\/8863\/revisions\/8875"}],"wp:attachment":[{"href":"https:\/\/armoniacasaspa.com\/en\/wp-json\/wp\/v2\/media?parent=8863"}],"curies":[{"name":"wp","href":"https:\/\/api.w.org\/{rel}","templated":true}]}}